{"id":52,"date":"2024-01-18T11:43:31","date_gmt":"2024-01-18T10:43:31","guid":{"rendered":"http:\/\/site-rctm.test\/index.php\/home\/"},"modified":"2024-11-08T11:13:11","modified_gmt":"2024-11-08T10:13:11","slug":"home-rugby-club-montaigu","status":"publish","type":"page","link":"https:\/\/www.rctm.fr\/","title":{"rendered":"Bienvenue au RCTM : Rugby Club des Terres de Montaigu"},"content":{"rendered":"\n<h2 class=\"wp-block-heading\">Bienvenue au RCTM : le Rugby Club de Montaigu Vend\u00e9e !<\/h2>\n\n\n\n<p>Bienvenue sur le site officiel du Rugby Club Montaigu, le c\u0153ur du rugby en Vend\u00e9e. <br>D\u00e9couvrez le Club de Rugby de Montaigu Vend\u00e9e, un lieu d&rsquo;\u00e9panouissement sportif o\u00f9 passion, esprit d&rsquo;\u00e9quipe et comp\u00e9tition se conjuguent pour des moments intenses et m\u00e9morables.<\/p>\n\n\n\n<div class=\"alignnormal\"><div id=\"metaslider-id-273\" style=\"width: 100%;\" class=\"ml-slider-3-102-0 metaslider metaslider-flex metaslider-273 ml-slider .carousel-control-prev, .carousel-control-next {     width: 10%;     color: yellow; \/* Couleur des fl\u00e8ches *\/ } has-carousel-mode ms-theme-simply-dark nav-hidden\" role=\"region\" aria-label=\"Slider Home Page\" data-height=\"300\" data-width=\"700\">\n    <div id=\"metaslider_container_273\">\n        <div id=\"metaslider_273\">\n            <ul class='slides'>\n                <li style=\"display: none; width: 100%;\" class=\"slide-305 ms-image \" aria-roledescription=\"slide\" data-date=\"2024-02-09 08:09:37\" data-slide-type=\"image\"><a href=\"http:\/\/rugby-club-montaigu.fr\/index.php\/equipe-senior-loisir-montaigu-vendee\/\" target=\"_self\" aria-label=\"Voir les d\u00e9tails de la diapositive\" class=\"metaslider_image_link\"><img loading=\"lazy\" decoding=\"async\" src=\"https:\/\/www.rctm.fr\/wp-content\/uploads\/2024\/02\/MG_5806-1-scaled-700x300.jpg\" height=\"300\" width=\"700\" alt=\"Equipe de rugby senior de montaigu Vend\u00e9e\" class=\"slider-273 slide-305 msDefaultImage\" title=\"Senior Loisir du Rugby Club de Terre de Montaigu\" \/><\/a><div class=\"caption-wrap\"><div class=\"caption\">L'\u00e9quipe Senior Loisir du Rugby Club de Terre de Montaigu<\/div><\/div><\/li>\n                <li style=\"display: none; width: 100%;\" class=\"slide-303 ms-image \" aria-roledescription=\"slide\" data-date=\"2024-02-09 08:01:14\" data-slide-type=\"image\"><a href=\"http:\/\/rugby-club-montaigu.fr\/index.php\/ecole-de-rugby-montaig\/\" target=\"_self\" aria-label=\"Voir les d\u00e9tails de la diapositive\" class=\"metaslider_image_link\"><img loading=\"lazy\" decoding=\"async\" src=\"https:\/\/www.rctm.fr\/wp-content\/uploads\/2024\/02\/MG_8901-M6-scaled-700x300.jpg\" height=\"300\" width=\"700\" alt=\"M6 de l&#039;\u00e9cole de Rugby de Montaigu Vend\u00e9e\" class=\"slider-273 slide-303 msDefaultImage\" title=\"M6 du Rugby Club de Terre de Montaigu\" \/><\/a><div class=\"caption-wrap\"><div class=\"caption\">Les M6 du Rugby Club des Terres de Montaigu<\/div><\/div><\/li>\n                <li style=\"display: none; width: 100%;\" class=\"slide-301 ms-image \" aria-roledescription=\"slide\" data-date=\"2024-02-09 07:57:11\" data-slide-type=\"image\"><a href=\"http:\/\/rugby-club-montaigu.fr\/index.php\/ecole-de-rugby-montaig\/\" target=\"_self\" aria-label=\"Voir les d\u00e9tails de la diapositive\" class=\"metaslider_image_link\"><img loading=\"lazy\" decoding=\"async\" src=\"https:\/\/www.rctm.fr\/wp-content\/uploads\/2024\/02\/MG_8930-M8-scaled-700x300.jpg\" height=\"300\" width=\"700\" alt=\"M8 de l&#039;\u00e9cole de Rugby de Montaigu Vend\u00e9e\" class=\"slider-273 slide-301 msDefaultImage\" title=\"M8 du Rugby Club des Terres de Montaigu\" \/><\/a><div class=\"caption-wrap\"><div class=\"caption\">Les M8 du Rugby Club des Terres de Montaigu<\/div><\/div><\/li>\n                <li style=\"display: none; width: 100%;\" class=\"slide-299 ms-image \" aria-roledescription=\"slide\" data-date=\"2024-02-08 22:58:32\" data-slide-type=\"image\"><a href=\"http:\/\/rugby-club-montaigu.fr\/index.php\/ecole-de-rugby-montaig\/\" target=\"_self\" aria-label=\"Voir les d\u00e9tails de la diapositive\" class=\"metaslider_image_link\"><img loading=\"lazy\" decoding=\"async\" src=\"https:\/\/www.rctm.fr\/wp-content\/uploads\/2024\/02\/MG_9024-M10-scaled-700x300.jpg\" height=\"300\" width=\"700\" alt=\"M10 de l&#039;\u00e9cole de Rugby de Montaigu Vend\u00e9e\" class=\"slider-273 slide-299 msDefaultImage\" title=\"M10 du Rugby Club des Terres de Montaigu\" \/><\/a><div class=\"caption-wrap\"><div class=\"caption\">Les M10 du Rugby Club des Terres de Montaigu<\/div><\/div><\/li>\n                <li style=\"display: none; width: 100%;\" class=\"slide-300 ms-image \" aria-roledescription=\"slide\" data-date=\"2024-02-09 07:56:47\" data-slide-type=\"image\"><a href=\"http:\/\/rugby-club-montaigu.fr\/index.php\/ecole-de-rugby-montaig\/\" target=\"_self\" aria-label=\"Voir les d\u00e9tails de la diapositive\" class=\"metaslider_image_link\"><img loading=\"lazy\" decoding=\"async\" src=\"https:\/\/www.rctm.fr\/wp-content\/uploads\/2024\/02\/MG_9001-M12-scaled-700x300.jpg\" height=\"300\" width=\"700\" alt=\"M12 de l&#039;\u00e9cole de Rugby de Montaigu Vend\u00e9e\" class=\"slider-273 slide-300 msDefaultImage\" title=\"M12 du Rugby Club de Terre de Montaigu\" \/><\/a><div class=\"caption-wrap\"><div class=\"caption\">Les M12 du Rugby Club de Terre de Montaigu<\/div><\/div><\/li>\n                <li style=\"display: none; width: 100%;\" class=\"slide-589 ms-image \" aria-roledescription=\"slide\" data-date=\"2024-06-13 11:14:41\" data-slide-type=\"image\"><a href=\"http:\/\/rugby-club-montaigu.fr\/index.php\/ecole-de-rugby-montaig\/\" target=\"_self\" aria-label=\"Voir les d\u00e9tails de la diapositive\" class=\"metaslider_image_link\"><img loading=\"lazy\" decoding=\"async\" src=\"https:\/\/www.rctm.fr\/wp-content\/uploads\/2024\/06\/IMG_2611-m14-scaled-700x300.jpg\" height=\"300\" width=\"700\" alt=\"M14 de l&#039;\u00e9cole de Rugby de Montaigu Vend\u00e9e\" class=\"slider-273 slide-589 msDefaultImage\" title=\"M14 du Rugby Club de Terre de Montaigu\" \/><\/a><div class=\"caption-wrap\"><div class=\"caption\">Les M14 du Rugby Club des Terres de Montaigu<\/div><\/div><\/li>\n                <li style=\"display: none; width: 100%;\" class=\"slide-587 ms-image \" aria-roledescription=\"slide\" data-date=\"2024-06-13 10:56:18\" data-slide-type=\"image\"><a href=\"http:\/\/rugby-club-montaigu.fr\/index.php\/pole-rugby-jeune-vendee\/\" target=\"_self\" aria-label=\"Voir les d\u00e9tails de la diapositive\" class=\"metaslider_image_link\"><img loading=\"lazy\" decoding=\"async\" src=\"https:\/\/www.rctm.fr\/wp-content\/uploads\/2024\/02\/428602399_18177240433293118_76039066196600627_n-u16-700x300.jpg\" height=\"300\" width=\"700\" alt=\"P\u00f4le jeunes de rugb \u00e0 montaigu, U16 et U19\" class=\"slider-273 slide-587 msDefaultImage\" title=\"Section Pole Jeunes du Rugby Club de Terres de Montaigu\" \/><\/a><div class=\"caption-wrap\"><div class=\"caption\">Le p\u00f4le jeune U16 et U19 du Rugby Club des Terres de Montaigu en partenariat avec le club de Cholet<\/div><\/div><\/li>\n                <li style=\"display: none; width: 100%;\" class=\"slide-307 ms-image \" aria-roledescription=\"slide\" data-date=\"2024-02-09 08:16:37\" data-slide-type=\"image\"><a href=\"http:\/\/rugby-club-montaigu.fr\/index.php\/section-rugby-touch\/\" target=\"_self\" aria-label=\"Voir les d\u00e9tails de la diapositive\" class=\"metaslider_image_link\"><img loading=\"lazy\" decoding=\"async\" src=\"https:\/\/www.rctm.fr\/wp-content\/uploads\/2024\/01\/touch-700x300.png\" height=\"300\" width=\"700\" alt=\"\u00c9quipe de rugby \u00e0 toucher de Montaigu Vend\u00e9e\" class=\"slider-273 slide-307 msDefaultImage\" title=\"Section Touch du Rugby Club des Terres de Montaigu\" \/><\/a><div class=\"caption-wrap\"><div class=\"caption\">La section Touch du Rugby Club Terre de Montagu<\/div><\/div><\/li>\n            <\/ul>\n        <\/div>\n        \n    <\/div>\n<\/div><\/div>\n\n\n\n<p><\/p>\n\n\n\n<p>Que vous soyez un <strong>joueur passionn\u00e9 <\/strong>ou <strong>un supporter enthousiaste<\/strong>, notre club <strong>offre une exp\u00e9rience unique de rugby \u00e0 Montaigu<\/strong>. <\/p>\n\n\n\n<p>Nous accueillons des<strong> joueurs de tous \u00e2ges et niveaux<\/strong>, avec des entra\u00eenements r\u00e9guliers et des matchs captivants. <br><strong>Rejoignez notre communaut\u00e9 dynamique <\/strong>et d\u00e9couvrez l&rsquo;esprit d&rsquo;\u00e9quipe et la camaraderie qui d\u00e9finissent notre club. Suivez nos actualit\u00e9s, nos \u00e9v\u00e9nements et nos r\u00e9sultats pour rester connect\u00e9 avec le Rugby Club de Montaigu Vend\u00e9e. <\/p>\n\n\n\n<p>I<strong>nscrivez-vous d\u00e8s maintenant <\/strong>et faites partie de l&rsquo;aventure du rugby en Vend\u00e9e. <\/p>\n\n\n\n<div class=\"wp-block-columns is-layout-flex wp-container-core-columns-is-layout-9d6595d7 wp-block-columns-is-layout-flex\">\n<div class=\"wp-block-column is-vertically-aligned-center is-layout-flow wp-block-column-is-layout-flow\" style=\"flex-basis:66.66%\">\n<p>Retrouvez les diff\u00e9rentes sections de notre<strong> club de rugby \u00e0 l&rsquo;ambiance familiale et conviviale<\/strong><\/p>\n<\/div>\n\n\n\n<div class=\"wp-block-column is-vertically-aligned-bottom is-layout-flow wp-block-column-is-layout-flow\" style=\"flex-basis:33.33%\">\n<div class=\"wp-block-buttons is-content-justification-center is-layout-flex wp-container-core-buttons-is-layout-51f7783f wp-block-buttons-is-layout-flex\">\n<div class=\"wp-block-button is-style-primary\"><a class=\"wp-block-button__link wp-element-button\" href=\"http:\/\/rctm.fr\/index.php\/contactez-nous\/\">Rejoignez notre \u00e9quipe<\/a><\/div>\n<\/div>\n<\/div>\n<\/div>\n\n\n\n<p>Vous \u00eates \u00e0 la recherche d&rsquo;un <strong>sport pour votre enfant<\/strong>, informez vous sur<a href=\"http:\/\/rctm.fr\/index.php\/ecole-de-rugby-montaig\/\"> <\/a><a href=\"http:\/\/rugby-club-montaigu.fr\/index.php\/ecole-de-rugby-montaig\/\">l\u2019\u00e9cole de rugby de notre club<\/a> ou sur notre <a href=\"http:\/\/rugby-club-montaigu.fr\/index.php\/pole-rugby-jeune-vendee\/\">p\u00f4le jeune de rugb en Vend\u00e9e<\/a>. <br>Vous recherchez \u00e0 rejoindre un <strong>club familial o\u00f9 la bonne ambiance r\u00e8gne, <\/strong><a href=\"http:\/\/rugby-club-montaigu.fr\/index.php\/equipe-senior-loisir-montaigu-vendee\/\">rejoignez notre \u00e9quipe de rugby loisir<\/a><a href=\"http:\/\/rctm.fr\/index.php\/equipe-senior-loisir-montaigu-vendee\/\">.<\/a> <br>Si vous pr\u00e9f\u00e9rez vous <strong>remettre au sport tranquillement<\/strong>, notre <a href=\"http:\/\/rugby-club-montaigu.fr\/index.php\/section-rugby-touch\/\">section touch<\/a> vous attend.<\/p>\n\n\n\n<h3 class=\"wp-block-heading\"><strong>Nos entra\u00eenements sont ouverts \u00e0 tous, alors contacter nous et venez jouer avec nous ! <\/strong><\/h3>\n\n\n\n<p>Nous recrutons \u00e0 diff\u00e9rents niveaux : <br>&#8211; <strong>Des joueurs enfants<\/strong> (filles et gar\u00e7ons) pour notre \u00e9cole de rugby, <strong>des joueurs adolescents<\/strong> pour le p\u00f4le jeune du RCTM, <strong>des joueurs seniors<\/strong> de niveau d\u00e9butant jusqu&rsquo;aux joueurs de Top 14 et des joueurs pour nos sections de rugby \u00e0 toucher (touch rugby et rugby \u00e0 V).<br>&#8211; <strong>Des \u00e9ducateurs <\/strong>pour animer l&rsquo;\u00e9cole de Rugby et pour former nos tout jeunes pratiquants.<br>&#8211; <strong>Des b\u00e9n\u00e9voles <\/strong>pour contribuer eu bon fonctionnement du club.<\/p>\n\n\n\n<p>Pour plus d&rsquo;informations, n&rsquo;h\u00e9sitez pas \u00e0 <strong>nous contacter<\/strong> nos b\u00e9n\u00e9voles se feront un plaisir de r\u00e9pondre \u00e0 toutes vos questions, vous pouvez aussi visiter notre site r\u00e9guli\u00e8rement ou suivre nos r\u00e9seaux sociaux <\/p>\n\n\n\n<div class=\"wp-block-columns is-layout-flex wp-container-core-columns-is-layout-9d6595d7 wp-block-columns-is-layout-flex\">\n<div class=\"wp-block-column is-vertically-aligned-center is-layout-flow wp-block-column-is-layout-flow\" style=\"flex-basis:66.66%\">\n<p>Allez le Rugby Club de Montaigu, allez le rugby en Vend\u00e9e !<\/p>\n<\/div>\n\n\n\n<div class=\"wp-block-column is-layout-flow wp-block-column-is-layout-flow\" style=\"flex-basis:33.33%\">\n<div class=\"wp-block-buttons is-content-justification-center is-layout-flex wp-container-core-buttons-is-layout-51f7783f wp-block-buttons-is-layout-flex\">\n<div class=\"wp-block-button is-style-primary\"><a class=\"wp-block-button__link wp-element-button\" href=\"http:\/\/rctm.fr\/index.php\/contactez-nous\/\">Rejoignez notre \u00e9quipe<\/a><\/div>\n<\/div>\n<\/div>\n<\/div>\n","protected":false},"excerpt":{"rendered":"<p>Bienvenue au RCTM : le Rugby Club de Montaigu Vend\u00e9e ! Bienvenue sur le site officiel du Rugby Club Montaigu, le c\u0153ur du rugby en Vend\u00e9e. D\u00e9couvrez le Club de Rugby de Montaigu Vend\u00e9e, un lieu d&rsquo;\u00e9panouissement sportif o\u00f9 passion, esprit d&rsquo;\u00e9quipe et comp\u00e9tition se conjuguent pour des moments intenses et m\u00e9morables. Que vous soyez&hellip;&nbsp;<a href=\"https:\/\/www.rctm.fr\/\" class=\"\" rel=\"bookmark\">Lire la suite &raquo;<span class=\"screen-reader-text\">Bienvenue au RCTM : Rugby Club des Terres de Montaigu<\/span><\/a><\/p>\n","protected":false},"author":1,"featured_media":0,"parent":0,"menu_order":0,"comment_status":"closed","ping_status":"closed","template":"","meta":{"om_disable_all_campaigns":false,"_monsterinsights_skip_tracking":false,"_monsterinsights_sitenote_active":false,"_monsterinsights_sitenote_note":"","_monsterinsights_sitenote_category":0,"neve_meta_sidebar":"","neve_meta_container":"","neve_meta_enable_content_width":"","neve_meta_content_width":0,"neve_meta_title_alignment":"","neve_meta_author_avatar":"","neve_post_elements_order":"","neve_meta_disable_header":"","neve_meta_disable_footer":"","neve_meta_disable_title":"off","footnotes":""},"class_list":["post-52","page","type-page","status-publish","hentry"],"yoast_head":"<!-- This site is optimized with the Yoast SEO plugin v26.2 - https:\/\/yoast.com\/wordpress\/plugins\/seo\/ -->\n<title>Rugby Montaigu Vend\u00e9e avec le RCTM : Rugby Club de Montaigu<\/title>\n<meta name=\"description\" content=\"D\u00e9couvrez le Rugby Club Montaigu, acteur du rugby en Vend\u00e9e. Rejoignez-nous pour des entra\u00eenements et matchs passionnants \u00e0 Montaigu !\" \/>\n<meta name=\"robots\" content=\"index, follow, max-snippet:-1, max-image-preview:large, max-video-preview:-1\" \/>\n<link rel=\"canonical\" href=\"http:\/\/www.rugbyclubmontaiguvendee.fr\/\" \/>\n<meta property=\"og:locale\" content=\"fr_FR\" \/>\n<meta property=\"og:type\" content=\"article\" \/>\n<meta property=\"og:title\" content=\"Rugby Montaigu Vend\u00e9e avec le RCTM : Rugby Club de Montaigu\" \/>\n<meta property=\"og:description\" content=\"D\u00e9couvrez le Rugby Club Montaigu, acteur du rugby en Vend\u00e9e. Rejoignez-nous pour des entra\u00eenements et matchs passionnants \u00e0 Montaigu !\" \/>\n<meta property=\"og:url\" content=\"http:\/\/www.rugbyclubmontaiguvendee.fr\/\" \/>\n<meta property=\"og:site_name\" content=\"Rugby Club Terres de Montaigu - Vend\u00e9e\" \/>\n<meta property=\"article:publisher\" content=\"https:\/\/fr-fr.facebook.com\/rugbyclubdesterresdemontaigu\/\" \/>\n<meta property=\"article:modified_time\" content=\"2024-11-08T10:13:11+00:00\" \/>\n<meta name=\"twitter:card\" content=\"summary_large_image\" \/>\n<meta name=\"twitter:label1\" content=\"Dur\u00e9e de lecture estim\u00e9e\" \/>\n\t<meta name=\"twitter:data1\" content=\"2 minutes\" \/>\n<script type=\"application\/ld+json\" class=\"yoast-schema-graph\">{\"@context\":\"https:\/\/schema.org\",\"@graph\":[{\"@type\":\"WebPage\",\"@id\":\"http:\/\/www.rugbyclubmontaiguvendee.fr\/\",\"url\":\"http:\/\/www.rugbyclubmontaiguvendee.fr\/\",\"name\":\"Rugby Montaigu Vend\u00e9e avec le RCTM : Rugby Club de Montaigu\",\"isPartOf\":{\"@id\":\"http:\/\/www.rugbyclubmontaiguvendee.fr\/#website\"},\"datePublished\":\"2024-01-18T10:43:31+00:00\",\"dateModified\":\"2024-11-08T10:13:11+00:00\",\"description\":\"D\u00e9couvrez le Rugby Club Montaigu, acteur du rugby en Vend\u00e9e. Rejoignez-nous pour des entra\u00eenements et matchs passionnants \u00e0 Montaigu !\",\"breadcrumb\":{\"@id\":\"http:\/\/www.rugbyclubmontaiguvendee.fr\/#breadcrumb\"},\"inLanguage\":\"fr-FR\",\"potentialAction\":[{\"@type\":\"ReadAction\",\"target\":[\"http:\/\/www.rugbyclubmontaiguvendee.fr\/\"]}]},{\"@type\":\"BreadcrumbList\",\"@id\":\"http:\/\/www.rugbyclubmontaiguvendee.fr\/#breadcrumb\",\"itemListElement\":[{\"@type\":\"ListItem\",\"position\":1,\"name\":\"Accueil\",\"item\":\"http:\/\/www.rugbyclubmontaiguvendee.fr\/\"},{\"@type\":\"ListItem\",\"position\":2,\"name\":\"Bienvenue au RCTM : Rugby Club des Terres de Montaigu\"}]},{\"@type\":\"WebSite\",\"@id\":\"http:\/\/www.rugbyclubmontaiguvendee.fr\/#website\",\"url\":\"http:\/\/www.rugbyclubmontaiguvendee.fr\/\",\"name\":\"Rugby Club Terre de Montaigu - Vend\u00e9e\",\"description\":\"Rejoignez l&#039;aventure\",\"publisher\":{\"@id\":\"http:\/\/www.rugbyclubmontaiguvendee.fr\/#organization\"},\"potentialAction\":[{\"@type\":\"SearchAction\",\"target\":{\"@type\":\"EntryPoint\",\"urlTemplate\":\"http:\/\/www.rugbyclubmontaiguvendee.fr\/?s={search_term_string}\"},\"query-input\":{\"@type\":\"PropertyValueSpecification\",\"valueRequired\":true,\"valueName\":\"search_term_string\"}}],\"inLanguage\":\"fr-FR\"},{\"@type\":\"Organization\",\"@id\":\"http:\/\/www.rugbyclubmontaiguvendee.fr\/#organization\",\"name\":\"Rugby Club Terre de Montaigu - Vend\u00e9e\",\"url\":\"http:\/\/www.rugbyclubmontaiguvendee.fr\/\",\"logo\":{\"@type\":\"ImageObject\",\"inLanguage\":\"fr-FR\",\"@id\":\"http:\/\/www.rugbyclubmontaiguvendee.fr\/#\/schema\/logo\/image\/\",\"url\":\"https:\/\/www.rctm.fr\/wp-content\/uploads\/2024\/01\/cropped-logo-RCTM-120X150.png\",\"contentUrl\":\"https:\/\/www.rctm.fr\/wp-content\/uploads\/2024\/01\/cropped-logo-RCTM-120X150.png\",\"width\":120,\"height\":150,\"caption\":\"Rugby Club Terre de Montaigu - Vend\u00e9e\"},\"image\":{\"@id\":\"http:\/\/www.rugbyclubmontaiguvendee.fr\/#\/schema\/logo\/image\/\"},\"sameAs\":[\"https:\/\/fr-fr.facebook.com\/rugbyclubdesterresdemontaigu\/\",\"https:\/\/www.instagram.com\/edr_rctm85\/\"]}]}<\/script>\n<!-- \/ Yoast SEO plugin. -->","yoast_head_json":{"title":"Rugby Montaigu Vend\u00e9e avec le RCTM : Rugby Club de Montaigu","description":"D\u00e9couvrez le Rugby Club Montaigu, acteur du rugby en Vend\u00e9e. Rejoignez-nous pour des entra\u00eenements et matchs passionnants \u00e0 Montaigu !","robots":{"index":"index","follow":"follow","max-snippet":"max-snippet:-1","max-image-preview":"max-image-preview:large","max-video-preview":"max-video-preview:-1"},"canonical":"http:\/\/www.rugbyclubmontaiguvendee.fr\/","og_locale":"fr_FR","og_type":"article","og_title":"Rugby Montaigu Vend\u00e9e avec le RCTM : Rugby Club de Montaigu","og_description":"D\u00e9couvrez le Rugby Club Montaigu, acteur du rugby en Vend\u00e9e. Rejoignez-nous pour des entra\u00eenements et matchs passionnants \u00e0 Montaigu !","og_url":"http:\/\/www.rugbyclubmontaiguvendee.fr\/","og_site_name":"Rugby Club Terres de Montaigu - Vend\u00e9e","article_publisher":"https:\/\/fr-fr.facebook.com\/rugbyclubdesterresdemontaigu\/","article_modified_time":"2024-11-08T10:13:11+00:00","twitter_card":"summary_large_image","twitter_misc":{"Dur\u00e9e de lecture estim\u00e9e":"2 minutes"},"schema":{"@context":"https:\/\/schema.org","@graph":[{"@type":"WebPage","@id":"http:\/\/www.rugbyclubmontaiguvendee.fr\/","url":"http:\/\/www.rugbyclubmontaiguvendee.fr\/","name":"Rugby Montaigu Vend\u00e9e avec le RCTM : Rugby Club de Montaigu","isPartOf":{"@id":"http:\/\/www.rugbyclubmontaiguvendee.fr\/#website"},"datePublished":"2024-01-18T10:43:31+00:00","dateModified":"2024-11-08T10:13:11+00:00","description":"D\u00e9couvrez le Rugby Club Montaigu, acteur du rugby en Vend\u00e9e. Rejoignez-nous pour des entra\u00eenements et matchs passionnants \u00e0 Montaigu !","breadcrumb":{"@id":"http:\/\/www.rugbyclubmontaiguvendee.fr\/#breadcrumb"},"inLanguage":"fr-FR","potentialAction":[{"@type":"ReadAction","target":["http:\/\/www.rugbyclubmontaiguvendee.fr\/"]}]},{"@type":"BreadcrumbList","@id":"http:\/\/www.rugbyclubmontaiguvendee.fr\/#breadcrumb","itemListElement":[{"@type":"ListItem","position":1,"name":"Accueil","item":"http:\/\/www.rugbyclubmontaiguvendee.fr\/"},{"@type":"ListItem","position":2,"name":"Bienvenue au RCTM : Rugby Club des Terres de Montaigu"}]},{"@type":"WebSite","@id":"http:\/\/www.rugbyclubmontaiguvendee.fr\/#website","url":"http:\/\/www.rugbyclubmontaiguvendee.fr\/","name":"Rugby Club Terre de Montaigu - Vend\u00e9e","description":"Rejoignez l&#039;aventure","publisher":{"@id":"http:\/\/www.rugbyclubmontaiguvendee.fr\/#organization"},"potentialAction":[{"@type":"SearchAction","target":{"@type":"EntryPoint","urlTemplate":"http:\/\/www.rugbyclubmontaiguvendee.fr\/?s={search_term_string}"},"query-input":{"@type":"PropertyValueSpecification","valueRequired":true,"valueName":"search_term_string"}}],"inLanguage":"fr-FR"},{"@type":"Organization","@id":"http:\/\/www.rugbyclubmontaiguvendee.fr\/#organization","name":"Rugby Club Terre de Montaigu - Vend\u00e9e","url":"http:\/\/www.rugbyclubmontaiguvendee.fr\/","logo":{"@type":"ImageObject","inLanguage":"fr-FR","@id":"http:\/\/www.rugbyclubmontaiguvendee.fr\/#\/schema\/logo\/image\/","url":"https:\/\/www.rctm.fr\/wp-content\/uploads\/2024\/01\/cropped-logo-RCTM-120X150.png","contentUrl":"https:\/\/www.rctm.fr\/wp-content\/uploads\/2024\/01\/cropped-logo-RCTM-120X150.png","width":120,"height":150,"caption":"Rugby Club Terre de Montaigu - Vend\u00e9e"},"image":{"@id":"http:\/\/www.rugbyclubmontaiguvendee.fr\/#\/schema\/logo\/image\/"},"sameAs":["https:\/\/fr-fr.facebook.com\/rugbyclubdesterresdemontaigu\/","https:\/\/www.instagram.com\/edr_rctm85\/"]}]}},"_links":{"self":[{"href":"https:\/\/www.rctm.fr\/index.php\/wp-json\/wp\/v2\/pages\/52","targetHints":{"allow":["GET"]}}],"collection":[{"href":"https:\/\/www.rctm.fr\/index.php\/wp-json\/wp\/v2\/pages"}],"about":[{"href":"https:\/\/www.rctm.fr\/index.php\/wp-json\/wp\/v2\/types\/page"}],"author":[{"embeddable":true,"href":"https:\/\/www.rctm.fr\/index.php\/wp-json\/wp\/v2\/users\/1"}],"replies":[{"embeddable":true,"href":"https:\/\/www.rctm.fr\/index.php\/wp-json\/wp\/v2\/comments?post=52"}],"version-history":[{"count":18,"href":"https:\/\/www.rctm.fr\/index.php\/wp-json\/wp\/v2\/pages\/52\/revisions"}],"predecessor-version":[{"id":689,"href":"https:\/\/www.rctm.fr\/index.php\/wp-json\/wp\/v2\/pages\/52\/revisions\/689"}],"wp:attachment":[{"href":"https:\/\/www.rctm.fr\/index.php\/wp-json\/wp\/v2\/media?parent=52"}],"curies":[{"name":"wp","href":"https:\/\/api.w.org\/{rel}","templated":true}]}}